{"id":1413,"date":"2021-06-24T10:45:57","date_gmt":"2021-06-24T10:45:57","guid":{"rendered":"https:\/\/casaellario.com\/umwelt\/"},"modified":"2023-04-24T11:37:28","modified_gmt":"2023-04-24T11:37:28","slug":"umwelt","status":"publish","type":"page","link":"https:\/\/casaellario.com\/de\/umwelt\/","title":{"rendered":"Umwelt"},"content":{"rendered":"<p>[et_pb_section fb_built=&#8220;1&#8243; admin_label=&#8220;Hero section&#8220; _builder_version=&#8220;4.9.4&#8243; use_background_color_gradient=&#8220;on&#8220; background_color_gradient_start=&#8220;rgba(150,105,97,0.67)&#8220; background_color_gradient_end=&#8220;rgba(2,0,76,0.34)&#8220; background_color_gradient_overlays_image=&#8220;on&#8220; background_image=&#8220;https:\/\/casaellario.com\/wp-content\/uploads\/2021\/07\/entorno.jpg&#8220; background_position=&#8220;top_center&#8220; custom_margin=&#8220;|||&#8220; custom_padding=&#8220;10%||10%|&#8220;][et_pb_row column_structure=&#8220;2_3,1_3&#8243; _builder_version=&#8220;3.25&#8243; custom_margin=&#8220;|||&#8220;][et_pb_column type=&#8220;2_3&#8243; _builder_version=&#8220;3.25&#8243; custom_padding=&#8220;1px|||&#8220; custom_padding__hover=&#8220;|||&#8220;][et_pb_cta title=&#8220;Umwelt&#8220; _builder_version=&#8220;4.9.7&#8243; header_level=&#8220;h1&#8243; header_font=&#8220;|900||on|||||&#8220; header_font_size=&#8220;75px&#8220; header_letter_spacing=&#8220;2px&#8220; header_line_height=&#8220;1.2em&#8220; body_font=&#8220;Lato||||||||&#8220; body_font_size=&#8220;20px&#8220; body_line_height=&#8220;1.8em&#8220; use_background_color=&#8220;off&#8220; text_orientation=&#8220;left&#8220; max_width=&#8220;750px&#8220; module_alignment=&#8220;left&#8220; animation_style=&#8220;fold&#8220; animation_intensity_fold=&#8220;16%&#8220; hover_enabled=&#8220;0&#8243; header_font_size_tablet=&#8220;46px&#8220; header_font_size_phone=&#8220;&#8220; header_font_size_last_edited=&#8220;on|tablet&#8220; header_text_shadow_style=&#8220;preset1&#8243; header_text_shadow_blur_strength=&#8220;0.6em&#8220; header_text_shadow_color=&#8220;rgba(0,0,0,0.6)&#8220; button_letter_spacing_hover=&#8220;2px&#8220; button_text_size__hover_enabled=&#8220;off&#8220; button_one_text_size__hover_enabled=&#8220;off&#8220; button_two_text_size__hover_enabled=&#8220;off&#8220; button_text_color__hover_enabled=&#8220;off&#8220; button_one_text_color__hover_enabled=&#8220;off&#8220; button_two_text_color__hover_enabled=&#8220;off&#8220; button_border_width__hover_enabled=&#8220;off&#8220; button_one_border_width__hover_enabled=&#8220;off&#8220; button_two_border_width__hover_enabled=&#8220;off&#8220; button_border_color__hover_enabled=&#8220;off&#8220; button_one_border_color__hover_enabled=&#8220;off&#8220; button_two_border_color__hover_enabled=&#8220;off&#8220; button_border_radius__hover_enabled=&#8220;off&#8220; button_one_border_radius__hover_enabled=&#8220;off&#8220; button_two_border_radius__hover_enabled=&#8220;off&#8220; button_letter_spacing__hover_enabled=&#8220;on&#8220; button_letter_spacing__hover=&#8220;2px&#8220; button_one_letter_spacing__hover_enabled=&#8220;off&#8220; button_two_letter_spacing__hover_enabled=&#8220;off&#8220; button_bg_color__hover_enabled=&#8220;off&#8220; button_one_bg_color__hover_enabled=&#8220;off&#8220; button_two_bg_color__hover_enabled=&#8220;off&#8220; sticky_enabled=&#8220;0&#8243;][\/et_pb_cta][\/et_pb_column][et_pb_column type=&#8220;1_3&#8243; _builder_version=&#8220;3.25&#8243; custom_padding=&#8220;|||&#8220; custom_padding__hover=&#8220;|||&#8220;][et_pb_text _builder_version=&#8220;4.9.4&#8243; text_font=&#8220;Lato||||||||&#8220; text_text_color=&#8220;rgba(255,255,255,0.7)&#8220; text_font_size=&#8220;15px&#8220; text_line_height=&#8220;2em&#8220; link_font=&#8220;||||||||&#8220; link_text_color=&#8220;#ffffff&#8220; header_font=&#8220;||||||||&#8220; header_2_font=&#8220;Lato||||||||&#8220; header_3_font=&#8220;Lato|700|||||||&#8220; header_3_font_size=&#8220;23px&#8220; header_3_line_height=&#8220;1.5em&#8220; background_color=&#8220;rgba(36,36,76,0.62)&#8220; background_layout=&#8220;dark&#8220; custom_margin=&#8220;34%||-20px|&#8220; custom_margin_tablet=&#8220;40px|||&#8220; custom_margin_phone=&#8220;&#8220; custom_margin_last_edited=&#8220;on|tablet&#8220; custom_padding=&#8220;30px|30px|40px|30px&#8220; custom_padding_tablet=&#8220;&#8220; custom_padding_phone=&#8220;&#8220; custom_padding_last_edited=&#8220;on|tablet&#8220; animation_style=&#8220;fold&#8220; animation_delay=&#8220;100ms&#8220; border_radii=&#8220;on|6px|6px|6px|6px&#8220; border_color_all=&#8220;#677b24&#8243; border_width_top=&#8220;6px&#8220; locked=&#8220;off&#8220;]<\/p>\n<h3>In Kontakt kommen<\/h3>\n<p>Tel: (+34) 608 095 211<br \/>Email: info@casaellario.com<br \/>Alcal\u00e1 de los Gazules<\/p>\n<p>[\/et_pb_text][et_pb_button button_url=&#8220;https:\/\/casaellario.com\/ubicacion\/&#8220; button_text=&#8220;So finden Sie das Haus&#8220; button_alignment=&#8220;left&#8220; _builder_version=&#8220;4.9.4&#8243; custom_button=&#8220;on&#8220; button_text_size=&#8220;12px&#8220; button_text_color=&#8220;#677b24&#8243; button_bg_color=&#8220;#ffffff&#8220; button_border_width=&#8220;0px&#8220; button_border_radius=&#8220;3px&#8220; button_letter_spacing=&#8220;1px&#8220; button_font=&#8220;Lato|700||on|||||&#8220; button_icon=&#8220;%%20%%&#8220; background_layout=&#8220;dark&#8220; custom_margin=&#8220;|||30px&#8220; custom_padding=&#8220;8px||8px|&#8220; animation_style=&#8220;fold&#8220; animation_delay=&#8220;100ms&#8220; button_letter_spacing_hover=&#8220;1px&#8220; locked=&#8220;off&#8220; button_text_size__hover_enabled=&#8220;off&#8220; button_one_text_size__hover_enabled=&#8220;off&#8220; button_two_text_size__hover_enabled=&#8220;off&#8220; button_text_color__hover_enabled=&#8220;off&#8220; button_one_text_color__hover_enabled=&#8220;off&#8220; button_two_text_color__hover_enabled=&#8220;off&#8220; button_border_width__hover_enabled=&#8220;off&#8220; button_one_border_width__hover_enabled=&#8220;off&#8220; button_two_border_width__hover_enabled=&#8220;off&#8220; button_border_color__hover_enabled=&#8220;off&#8220; button_one_border_color__hover_enabled=&#8220;off&#8220; button_two_border_color__hover_enabled=&#8220;off&#8220; button_border_radius__hover_enabled=&#8220;off&#8220; button_one_border_radius__hover_enabled=&#8220;off&#8220; button_two_border_radius__hover_enabled=&#8220;off&#8220; button_letter_spacing__hover_enabled=&#8220;on&#8220; button_letter_spacing__hover=&#8220;1px&#8220; button_one_letter_spacing__hover_enabled=&#8220;off&#8220; button_two_letter_spacing__hover_enabled=&#8220;off&#8220; button_bg_color__hover_enabled=&#8220;off&#8220; button_one_bg_color__hover_enabled=&#8220;off&#8220; button_two_bg_color__hover_enabled=&#8220;off&#8220;][\/et_pb_button][\/et_pb_column][\/et_pb_row][\/et_pb_section][et_pb_section fb_built=&#8220;1&#8243; _builder_version=&#8220;3.22&#8243; background_color=&#8220;#ede1cb&#8220;][et_pb_row _builder_version=&#8220;3.25&#8243; background_size=&#8220;initial&#8220; background_position=&#8220;top_left&#8220; background_repeat=&#8220;repeat&#8220;][et_pb_column type=&#8220;4_4&#8243; _builder_version=&#8220;3.25&#8243; custom_padding=&#8220;|||&#8220; custom_padding__hover=&#8220;|||&#8220;][et_pb_text _builder_version=&#8220;4.9.7&#8243; background_size=&#8220;initial&#8220; background_position=&#8220;top_left&#8220; background_repeat=&#8220;repeat&#8220; hover_enabled=&#8220;0&#8243; text_font_size=&#8220;16px&#8220; text_font_size_last_edited=&#8220;on|phone&#8220; sticky_enabled=&#8220;0&#8243; text_font_size_phone=&#8220;14px&#8220;]<\/p>\n<p><!-- divi:image {\"align\":\"center\",\"id\":114,\"sizeSlug\":\"full\",\"linkDestination\":\"none\",\"className\":\"is-style-rounded\"} --><\/p>\n<div class=\"wp-block-image is-style-rounded\">\n<figure class=\"aligncenter size-full\"><\/figure>\n<figure class=\"aligncenter size-full\"><\/figure>\n<figure class=\"aligncenter size-full\">Der bevorzugte Ort, wo das Haus ist bietet eine Vielzahl von Freizeitaktivit\u00e4ten zu genie\u00dfen; von Entspannung in einer l\u00e4ndlichen Umgebung , umgeben von Natur , jede touristischen und kulturellen Bereiche aus den umliegenden D\u00f6rfern zu besuchen ( Cadiz , Jerez , Sevilla, Pueblos Blancos ,<\/figure>\n<figure class=\"aligncenter size-full\">Costa del Sol , &#8230; etc) In weniger als einer Stunde k\u00f6nnen Sie eine der zahllosen Str\u00e4nde die die Atlantik\u00fcste von Cadiz formen erreichen.<\/figure>\n<p><img loading=\"lazy\" decoding=\"async\" src=\"https:\/\/casaellario.com\/wp-content\/uploads\/2021\/06\/casa-rural-ellario100-300x200.jpg\" width=\"300\" height=\"200\" alt=\"\" class=\"wp-image-111 alignright size-medium\"><\/p>\n<p>Aber Casa Lario ist eine hervorragende Stelle als Ausgangspunkt , um den Naturpark \u201eLos Alcornales\u201c kennenzulernen, eine Reservat, dass 170.000 Hektar majest\u00e4tische Landschaft und eine F\u00fclle von Tier-und Pflanzen besitzt. F\u00fcr Naturliebhaber gibt es eine Reihe von Wanderwegen und Routen ( mit unterschiedlichen Schwierigkeitsgraden und f\u00fcr jedes Alter geeignet ) von gro\u00dfer Sch\u00f6nheit, obwohl einige dieser Strecken kann nicht erreichbar sind,(es sei denn man hat eine Genehmigung von der Beh\u00f6rde die f\u00fcr den Park zust\u00e4ndig ist erteilt bekommen). Um diese Genehmigung zu bekommen k\u00f6nnen wir und m\u00f6chten wir Ihnen nat\u00fcrlich helfen.<\/p>\n<figure class=\"aligncenter size-full\"><img loading=\"lazy\" decoding=\"async\" src=\"https:\/\/casaellario.com\/wp-content\/uploads\/2021\/06\/casa-rural-ellario65.jpg\" width=\"700\" height=\"1050\" alt=\"\" class=\"wp-image-89 alignnone size-full\" srcset=\"https:\/\/casaellario.com\/wp-content\/uploads\/2021\/06\/casa-rural-ellario65.jpg 700w, https:\/\/casaellario.com\/wp-content\/uploads\/2021\/06\/casa-rural-ellario65-480x720.jpg 480w\" sizes=\"(min-width: 0px) and (max-width: 480px) 480px, (min-width: 481px) 700px, 100vw\" \/><\/figure>\n<\/div>\n<p>Und nat\u00fcrlich ist die Stadt Alcal\u00e1 de los Gazules , nicht weit entfernt . Dort finden Sie freundliche Menschen und wei\u00df get\u00fcnchte Stra\u00dfen, wo sie atmen die Essenz von Andalusien einatmen k\u00f6nnen.<\/p>\n<p>&nbsp;<\/p>\n<p><!-- \/divi:paragraph --><\/p>\n<p>[\/et_pb_text][\/et_pb_column][\/et_pb_row][\/et_pb_section]<\/p>\n","protected":false},"excerpt":{"rendered":"<p>In Kontakt kommen Tel: (+34) 608 095 211Email: info@casaellario.comAlcal\u00e1 de los Gazules Der bevorzugte Ort, wo das Haus ist bietet eine Vielzahl von Freizeitaktivit\u00e4ten zu genie\u00dfen; von Entspannung in einer l\u00e4ndlichen Umgebung , umgeben von Natur , jede touristischen und kulturellen Bereiche aus den umliegenden D\u00f6rfern zu besuchen ( Cadiz , Jerez , Sevilla, Pueblos [&hellip;]<\/p>\n","protected":false},"author":1,"featured_media":0,"parent":0,"menu_order":0,"comment_status":"closed","ping_status":"closed","template":"","meta":{"_et_pb_use_builder":"on","_et_pb_old_content":"","_et_gb_content_width":"","footnotes":""},"class_list":["post-1413","page","type-page","status-publish","hentry"],"yoast_head":"<!-- This site is optimized with the Yoast SEO plugin v21.1 - https:\/\/yoast.com\/wordpress\/plugins\/seo\/ -->\n<title>Umwelt - Casa El Lario<\/title>\n<meta name=\"robots\" content=\"index, follow, max-snippet:-1, max-image-preview:large, max-video-preview:-1\" \/>\n<link rel=\"canonical\" href=\"https:\/\/casaellario.com\/el-entorno\/\" \/>\n<meta property=\"og:locale\" content=\"de_DE\" \/>\n<meta property=\"og:type\" content=\"article\" \/>\n<meta property=\"og:title\" content=\"Umwelt - Casa El Lario\" \/>\n<meta property=\"og:description\" content=\"In Kontakt kommen Tel: (+34) 608 095 211Email: info@casaellario.comAlcal\u00e1 de los Gazules Der bevorzugte Ort, wo das Haus ist bietet eine Vielzahl von Freizeitaktivit\u00e4ten zu genie\u00dfen; von Entspannung in einer l\u00e4ndlichen Umgebung , umgeben von Natur , jede touristischen und kulturellen Bereiche aus den umliegenden D\u00f6rfern zu besuchen ( Cadiz , Jerez , Sevilla, Pueblos [&hellip;]\" \/>\n<meta property=\"og:url\" content=\"https:\/\/casaellario.com\/el-entorno\/\" \/>\n<meta property=\"og:site_name\" content=\"Casa El Lario\" \/>\n<meta property=\"article:publisher\" content=\"https:\/\/www.facebook.com\/ruralellario\/\" \/>\n<meta property=\"article:modified_time\" content=\"2023-04-24T11:37:28+00:00\" \/>\n<meta property=\"og:image\" content=\"https:\/\/casaellario.com\/wp-content\/uploads\/2021\/06\/casa-rural-ellario100-300x200.jpg\" \/>\n<meta name=\"twitter:card\" content=\"summary_large_image\" \/>\n<meta name=\"twitter:site\" content=\"@casa_ellario\" \/>\n<meta name=\"twitter:label1\" content=\"Gesch\u00e4tzte Lesezeit\" \/>\n\t<meta name=\"twitter:data1\" content=\"5\u00a0Minuten\" \/>\n<script type=\"application\/ld+json\" class=\"yoast-schema-graph\">{\"@context\":\"https:\/\/schema.org\",\"@graph\":[{\"@type\":\"WebPage\",\"@id\":\"https:\/\/casaellario.com\/el-entorno\/\",\"url\":\"https:\/\/casaellario.com\/el-entorno\/\",\"name\":\"Umwelt - Casa El Lario\",\"isPartOf\":{\"@id\":\"https:\/\/casaellario.com\/#website\"},\"datePublished\":\"2021-06-24T10:45:57+00:00\",\"dateModified\":\"2023-04-24T11:37:28+00:00\",\"breadcrumb\":{\"@id\":\"https:\/\/casaellario.com\/el-entorno\/#breadcrumb\"},\"inLanguage\":\"de\",\"potentialAction\":[{\"@type\":\"ReadAction\",\"target\":[\"https:\/\/casaellario.com\/el-entorno\/\"]}]},{\"@type\":\"BreadcrumbList\",\"@id\":\"https:\/\/casaellario.com\/el-entorno\/#breadcrumb\",\"itemListElement\":[{\"@type\":\"ListItem\",\"position\":1,\"name\":\"Portada\",\"item\":\"https:\/\/casaellario.com\/\"},{\"@type\":\"ListItem\",\"position\":2,\"name\":\"Umwelt\"}]},{\"@type\":\"WebSite\",\"@id\":\"https:\/\/casaellario.com\/#website\",\"url\":\"https:\/\/casaellario.com\/\",\"name\":\"Casa El Lario. Alojamiento Rural en Alcal\u00e1 de los Gazules\",\"description\":\"Casa Rural en Alcal\u00e1 de los Gazules\",\"publisher\":{\"@id\":\"https:\/\/casaellario.com\/#organization\"},\"potentialAction\":[{\"@type\":\"SearchAction\",\"target\":{\"@type\":\"EntryPoint\",\"urlTemplate\":\"https:\/\/casaellario.com\/?s={search_term_string}\"},\"query-input\":\"required name=search_term_string\"}],\"inLanguage\":\"de\"},{\"@type\":\"Organization\",\"@id\":\"https:\/\/casaellario.com\/#organization\",\"name\":\"Casa El Lario. Alojamiento Rural en Alcal\u00e1 de los Gazules\",\"url\":\"https:\/\/casaellario.com\/\",\"logo\":{\"@type\":\"ImageObject\",\"inLanguage\":\"de\",\"@id\":\"https:\/\/casaellario.com\/#\/schema\/logo\/image\/\",\"url\":\"https:\/\/casaellario.com\/wp-content\/uploads\/2021\/06\/logo400px.png\",\"contentUrl\":\"https:\/\/casaellario.com\/wp-content\/uploads\/2021\/06\/logo400px.png\",\"width\":400,\"height\":326,\"caption\":\"Casa El Lario. Alojamiento Rural en Alcal\u00e1 de los Gazules\"},\"image\":{\"@id\":\"https:\/\/casaellario.com\/#\/schema\/logo\/image\/\"},\"sameAs\":[\"https:\/\/www.facebook.com\/ruralellario\/\",\"https:\/\/twitter.com\/casa_ellario\",\"https:\/\/www.instagram.com\/casa_ellario\/\"]}]}<\/script>\n<!-- \/ Yoast SEO plugin. -->","yoast_head_json":{"title":"Umwelt - Casa El Lario","robots":{"index":"index","follow":"follow","max-snippet":"max-snippet:-1","max-image-preview":"max-image-preview:large","max-video-preview":"max-video-preview:-1"},"canonical":"https:\/\/casaellario.com\/el-entorno\/","og_locale":"de_DE","og_type":"article","og_title":"Umwelt - Casa El Lario","og_description":"In Kontakt kommen Tel: (+34) 608 095 211Email: info@casaellario.comAlcal\u00e1 de los Gazules Der bevorzugte Ort, wo das Haus ist bietet eine Vielzahl von Freizeitaktivit\u00e4ten zu genie\u00dfen; von Entspannung in einer l\u00e4ndlichen Umgebung , umgeben von Natur , jede touristischen und kulturellen Bereiche aus den umliegenden D\u00f6rfern zu besuchen ( Cadiz , Jerez , Sevilla, Pueblos [&hellip;]","og_url":"https:\/\/casaellario.com\/el-entorno\/","og_site_name":"Casa El Lario","article_publisher":"https:\/\/www.facebook.com\/ruralellario\/","article_modified_time":"2023-04-24T11:37:28+00:00","og_image":[{"url":"https:\/\/casaellario.com\/wp-content\/uploads\/2021\/06\/casa-rural-ellario100-300x200.jpg"}],"twitter_card":"summary_large_image","twitter_site":"@casa_ellario","twitter_misc":{"Gesch\u00e4tzte Lesezeit":"5\u00a0Minuten"},"schema":{"@context":"https:\/\/schema.org","@graph":[{"@type":"WebPage","@id":"https:\/\/casaellario.com\/el-entorno\/","url":"https:\/\/casaellario.com\/el-entorno\/","name":"Umwelt - Casa El Lario","isPartOf":{"@id":"https:\/\/casaellario.com\/#website"},"datePublished":"2021-06-24T10:45:57+00:00","dateModified":"2023-04-24T11:37:28+00:00","breadcrumb":{"@id":"https:\/\/casaellario.com\/el-entorno\/#breadcrumb"},"inLanguage":"de","potentialAction":[{"@type":"ReadAction","target":["https:\/\/casaellario.com\/el-entorno\/"]}]},{"@type":"BreadcrumbList","@id":"https:\/\/casaellario.com\/el-entorno\/#breadcrumb","itemListElement":[{"@type":"ListItem","position":1,"name":"Portada","item":"https:\/\/casaellario.com\/"},{"@type":"ListItem","position":2,"name":"Umwelt"}]},{"@type":"WebSite","@id":"https:\/\/casaellario.com\/#website","url":"https:\/\/casaellario.com\/","name":"Casa El Lario. Alojamiento Rural en Alcal\u00e1 de los Gazules","description":"Casa Rural en Alcal\u00e1 de los Gazules","publisher":{"@id":"https:\/\/casaellario.com\/#organization"},"potentialAction":[{"@type":"SearchAction","target":{"@type":"EntryPoint","urlTemplate":"https:\/\/casaellario.com\/?s={search_term_string}"},"query-input":"required name=search_term_string"}],"inLanguage":"de"},{"@type":"Organization","@id":"https:\/\/casaellario.com\/#organization","name":"Casa El Lario. Alojamiento Rural en Alcal\u00e1 de los Gazules","url":"https:\/\/casaellario.com\/","logo":{"@type":"ImageObject","inLanguage":"de","@id":"https:\/\/casaellario.com\/#\/schema\/logo\/image\/","url":"https:\/\/casaellario.com\/wp-content\/uploads\/2021\/06\/logo400px.png","contentUrl":"https:\/\/casaellario.com\/wp-content\/uploads\/2021\/06\/logo400px.png","width":400,"height":326,"caption":"Casa El Lario. Alojamiento Rural en Alcal\u00e1 de los Gazules"},"image":{"@id":"https:\/\/casaellario.com\/#\/schema\/logo\/image\/"},"sameAs":["https:\/\/www.facebook.com\/ruralellario\/","https:\/\/twitter.com\/casa_ellario","https:\/\/www.instagram.com\/casa_ellario\/"]}]}},"_links":{"self":[{"href":"https:\/\/casaellario.com\/de\/wp-json\/wp\/v2\/pages\/1413","targetHints":{"allow":["GET"]}}],"collection":[{"href":"https:\/\/casaellario.com\/de\/wp-json\/wp\/v2\/pages"}],"about":[{"href":"https:\/\/casaellario.com\/de\/wp-json\/wp\/v2\/types\/page"}],"author":[{"embeddable":true,"href":"https:\/\/casaellario.com\/de\/wp-json\/wp\/v2\/users\/1"}],"replies":[{"embeddable":true,"href":"https:\/\/casaellario.com\/de\/wp-json\/wp\/v2\/comments?post=1413"}],"version-history":[{"count":5,"href":"https:\/\/casaellario.com\/de\/wp-json\/wp\/v2\/pages\/1413\/revisions"}],"predecessor-version":[{"id":1418,"href":"https:\/\/casaellario.com\/de\/wp-json\/wp\/v2\/pages\/1413\/revisions\/1418"}],"wp:attachment":[{"href":"https:\/\/casaellario.com\/de\/wp-json\/wp\/v2\/media?parent=1413"}],"curies":[{"name":"wp","href":"https:\/\/api.w.org\/{rel}","templated":true}]}}