{"id":1354,"date":"2021-06-24T10:26:19","date_gmt":"2021-06-24T10:26:19","guid":{"rendered":"https:\/\/casaellario.com\/la-maison\/"},"modified":"2023-04-24T10:44:57","modified_gmt":"2023-04-24T10:44:57","slug":"la-maison","status":"publish","type":"page","link":"https:\/\/casaellario.com\/fr\/la-maison\/","title":{"rendered":"La Maison"},"content":{"rendered":"<p>[et_pb_section fb_built=\u00a0\u00bb1&Prime; admin_label=\u00a0\u00bbHero section\u00a0\u00bb _builder_version=\u00a0\u00bb4.9.4&Prime; use_background_color_gradient=\u00a0\u00bbon\u00a0\u00bb background_color_gradient_start=\u00a0\u00bbrgba(150,105,97,0.67)\u00a0\u00bb background_color_gradient_end=\u00a0\u00bbrgba(2,0,76,0.34)\u00a0\u00bb background_color_gradient_overlays_image=\u00a0\u00bbon\u00a0\u00bb background_image=\u00a0\u00bbhttps:\/\/casaellario.com\/wp-content\/uploads\/2021\/06\/casa-rural-ellario105.jpg\u00a0\u00bb background_position=\u00a0\u00bbtop_center\u00a0\u00bb custom_margin=\u00a0\u00bb|||\u00a0\u00bb custom_padding=\u00a0\u00bb10%||10%|\u00a0\u00bb][et_pb_row column_structure=\u00a0\u00bb2_3,1_3&Prime; _builder_version=\u00a0\u00bb3.25&Prime; custom_margin=\u00a0\u00bb|||\u00a0\u00bb][et_pb_column type=\u00a0\u00bb2_3&Prime; _builder_version=\u00a0\u00bb3.25&Prime; custom_padding=\u00a0\u00bb1px|||\u00a0\u00bb custom_padding__hover=\u00a0\u00bb|||\u00a0\u00bb][et_pb_cta title=\u00a0\u00bbLa Maison\u00a0\u00bb _builder_version=\u00a0\u00bb4.9.7&Prime; header_level=\u00a0\u00bbh1&Prime; header_font=\u00a0\u00bb|900||on|||||\u00a0\u00bb header_font_size=\u00a0\u00bb75px\u00a0\u00bb header_letter_spacing=\u00a0\u00bb2px\u00a0\u00bb header_line_height=\u00a0\u00bb1.2em\u00a0\u00bb body_font=\u00a0\u00bbLato||||||||\u00a0\u00bb body_font_size=\u00a0\u00bb20px\u00a0\u00bb body_line_height=\u00a0\u00bb1.8em\u00a0\u00bb use_background_color=\u00a0\u00bboff\u00a0\u00bb text_orientation=\u00a0\u00bbleft\u00a0\u00bb max_width=\u00a0\u00bb750px\u00a0\u00bb module_alignment=\u00a0\u00bbleft\u00a0\u00bb animation_style=\u00a0\u00bbfold\u00a0\u00bb animation_intensity_fold=\u00a0\u00bb16%\u00a0\u00bb hover_enabled=\u00a0\u00bb0&Prime; header_font_size_tablet=\u00a0\u00bb46px\u00a0\u00bb header_font_size_phone=\u00a0\u00bb\u00a0\u00bb header_font_size_last_edited=\u00a0\u00bbon|tablet\u00a0\u00bb header_text_shadow_style=\u00a0\u00bbpreset1&Prime; header_text_shadow_blur_strength=\u00a0\u00bb0.6em\u00a0\u00bb header_text_shadow_color=\u00a0\u00bbrgba(0,0,0,0.6)\u00a0\u00bb button_letter_spacing_hover=\u00a0\u00bb2px\u00a0\u00bb button_text_size__hover_enabled=\u00a0\u00bboff\u00a0\u00bb button_one_text_size__hover_enabled=\u00a0\u00bboff\u00a0\u00bb button_two_text_size__hover_enabled=\u00a0\u00bboff\u00a0\u00bb button_text_color__hover_enabled=\u00a0\u00bboff\u00a0\u00bb button_one_text_color__hover_enabled=\u00a0\u00bboff\u00a0\u00bb button_two_text_color__hover_enabled=\u00a0\u00bboff\u00a0\u00bb button_border_width__hover_enabled=\u00a0\u00bboff\u00a0\u00bb button_one_border_width__hover_enabled=\u00a0\u00bboff\u00a0\u00bb button_two_border_width__hover_enabled=\u00a0\u00bboff\u00a0\u00bb button_border_color__hover_enabled=\u00a0\u00bboff\u00a0\u00bb button_one_border_color__hover_enabled=\u00a0\u00bboff\u00a0\u00bb button_two_border_color__hover_enabled=\u00a0\u00bboff\u00a0\u00bb button_border_radius__hover_enabled=\u00a0\u00bboff\u00a0\u00bb button_one_border_radius__hover_enabled=\u00a0\u00bboff\u00a0\u00bb button_two_border_radius__hover_enabled=\u00a0\u00bboff\u00a0\u00bb button_letter_spacing__hover_enabled=\u00a0\u00bbon\u00a0\u00bb button_letter_spacing__hover=\u00a0\u00bb2px\u00a0\u00bb button_one_letter_spacing__hover_enabled=\u00a0\u00bboff\u00a0\u00bb button_two_letter_spacing__hover_enabled=\u00a0\u00bboff\u00a0\u00bb button_bg_color__hover_enabled=\u00a0\u00bboff\u00a0\u00bb button_one_bg_color__hover_enabled=\u00a0\u00bboff\u00a0\u00bb button_two_bg_color__hover_enabled=\u00a0\u00bboff\u00a0\u00bb sticky_enabled=\u00a0\u00bb0&Prime;][\/et_pb_cta][\/et_pb_column][et_pb_column type=\u00a0\u00bb1_3&Prime; _builder_version=\u00a0\u00bb3.25&Prime; custom_padding=\u00a0\u00bb|||\u00a0\u00bb custom_padding__hover=\u00a0\u00bb|||\u00a0\u00bb][et_pb_text _builder_version=\u00a0\u00bb4.9.4&Prime; text_font=\u00a0\u00bbLato||||||||\u00a0\u00bb text_text_color=\u00a0\u00bbrgba(255,255,255,0.7)\u00a0\u00bb text_font_size=\u00a0\u00bb15px\u00a0\u00bb text_line_height=\u00a0\u00bb2em\u00a0\u00bb link_font=\u00a0\u00bb||||||||\u00a0\u00bb link_text_color=\u00a0\u00bb#ffffff\u00a0\u00bb header_font=\u00a0\u00bb||||||||\u00a0\u00bb header_2_font=\u00a0\u00bbLato||||||||\u00a0\u00bb header_3_font=\u00a0\u00bbLato|700|||||||\u00a0\u00bb header_3_font_size=\u00a0\u00bb23px\u00a0\u00bb header_3_line_height=\u00a0\u00bb1.5em\u00a0\u00bb background_color=\u00a0\u00bbrgba(36,36,76,0.62)\u00a0\u00bb background_layout=\u00a0\u00bbdark\u00a0\u00bb custom_margin=\u00a0\u00bb34%||-20px|\u00a0\u00bb custom_margin_tablet=\u00a0\u00bb40px|||\u00a0\u00bb custom_margin_phone=\u00a0\u00bb\u00a0\u00bb custom_margin_last_edited=\u00a0\u00bbon|tablet\u00a0\u00bb custom_padding=\u00a0\u00bb30px|30px|40px|30px\u00a0\u00bb custom_padding_tablet=\u00a0\u00bb\u00a0\u00bb custom_padding_phone=\u00a0\u00bb\u00a0\u00bb custom_padding_last_edited=\u00a0\u00bbon|tablet\u00a0\u00bb animation_style=\u00a0\u00bbfold\u00a0\u00bb animation_delay=\u00a0\u00bb100ms\u00a0\u00bb border_radii=\u00a0\u00bbon|6px|6px|6px|6px\u00a0\u00bb border_color_all=\u00a0\u00bb#677b24&Prime; border_width_top=\u00a0\u00bb6px\u00a0\u00bb locked=\u00a0\u00bboff\u00a0\u00bb]<\/p>\n<h3>Prenez contact<\/h3>\n<p>Tel: (+34) 608 095 211<br \/>Email: info@casaellario.com<br \/>Alcal\u00e1 de los Gazules<\/p>\n<p>[\/et_pb_text][et_pb_button button_url=\u00a0\u00bbhttps:\/\/casaellario.com\/ubicacion\/\u00a0\u00bb button_text=\u00a0\u00bbComment trouver la maison\u00a0\u00bb button_alignment=\u00a0\u00bbleft\u00a0\u00bb _builder_version=\u00a0\u00bb4.9.4&Prime; custom_button=\u00a0\u00bbon\u00a0\u00bb button_text_size=\u00a0\u00bb12px\u00a0\u00bb button_text_color=\u00a0\u00bb#677b24&Prime; button_bg_color=\u00a0\u00bb#ffffff\u00a0\u00bb button_border_width=\u00a0\u00bb0px\u00a0\u00bb button_border_radius=\u00a0\u00bb3px\u00a0\u00bb button_letter_spacing=\u00a0\u00bb1px\u00a0\u00bb button_font=\u00a0\u00bbLato|700||on|||||\u00a0\u00bb button_icon=\u00a0\u00bb%%20%%\u00a0\u00bb background_layout=\u00a0\u00bbdark\u00a0\u00bb custom_margin=\u00a0\u00bb|||30px\u00a0\u00bb custom_padding=\u00a0\u00bb8px||8px|\u00a0\u00bb animation_style=\u00a0\u00bbfold\u00a0\u00bb animation_delay=\u00a0\u00bb100ms\u00a0\u00bb button_letter_spacing_hover=\u00a0\u00bb1px\u00a0\u00bb locked=\u00a0\u00bboff\u00a0\u00bb button_text_size__hover_enabled=\u00a0\u00bboff\u00a0\u00bb button_one_text_size__hover_enabled=\u00a0\u00bboff\u00a0\u00bb button_two_text_size__hover_enabled=\u00a0\u00bboff\u00a0\u00bb button_text_color__hover_enabled=\u00a0\u00bboff\u00a0\u00bb button_one_text_color__hover_enabled=\u00a0\u00bboff\u00a0\u00bb button_two_text_color__hover_enabled=\u00a0\u00bboff\u00a0\u00bb button_border_width__hover_enabled=\u00a0\u00bboff\u00a0\u00bb button_one_border_width__hover_enabled=\u00a0\u00bboff\u00a0\u00bb button_two_border_width__hover_enabled=\u00a0\u00bboff\u00a0\u00bb button_border_color__hover_enabled=\u00a0\u00bboff\u00a0\u00bb button_one_border_color__hover_enabled=\u00a0\u00bboff\u00a0\u00bb button_two_border_color__hover_enabled=\u00a0\u00bboff\u00a0\u00bb button_border_radius__hover_enabled=\u00a0\u00bboff\u00a0\u00bb button_one_border_radius__hover_enabled=\u00a0\u00bboff\u00a0\u00bb button_two_border_radius__hover_enabled=\u00a0\u00bboff\u00a0\u00bb button_letter_spacing__hover_enabled=\u00a0\u00bbon\u00a0\u00bb button_letter_spacing__hover=\u00a0\u00bb1px\u00a0\u00bb button_one_letter_spacing__hover_enabled=\u00a0\u00bboff\u00a0\u00bb button_two_letter_spacing__hover_enabled=\u00a0\u00bboff\u00a0\u00bb button_bg_color__hover_enabled=\u00a0\u00bboff\u00a0\u00bb button_one_bg_color__hover_enabled=\u00a0\u00bboff\u00a0\u00bb button_two_bg_color__hover_enabled=\u00a0\u00bboff\u00a0\u00bb][\/et_pb_button][\/et_pb_column][\/et_pb_row][\/et_pb_section][et_pb_section fb_built=\u00a0\u00bb1&Prime; _builder_version=\u00a0\u00bb4.9.7&Prime; hover_enabled=\u00a0\u00bb0&Prime; background_color=\u00a0\u00bb#ede1cb\u00a0\u00bb sticky_enabled=\u00a0\u00bb0&Prime;][et_pb_row _builder_version=\u00a0\u00bb3.25&Prime; background_size=\u00a0\u00bbinitial\u00a0\u00bb background_position=\u00a0\u00bbtop_left\u00a0\u00bb background_repeat=\u00a0\u00bbrepeat\u00a0\u00bb][et_pb_column type=\u00a0\u00bb4_4&Prime; _builder_version=\u00a0\u00bb3.25&Prime; custom_padding=\u00a0\u00bb|||\u00a0\u00bb custom_padding__hover=\u00a0\u00bb|||\u00a0\u00bb][et_pb_text _builder_version=\u00a0\u00bb4.9.7&Prime; background_size=\u00a0\u00bbinitial\u00a0\u00bb background_position=\u00a0\u00bbtop_left\u00a0\u00bb background_repeat=\u00a0\u00bbrepeat\u00a0\u00bb hover_enabled=\u00a0\u00bb0&Prime; sticky_enabled=\u00a0\u00bb0&Prime; text_font_size=\u00a0\u00bb16px\u00a0\u00bb text_font_size_last_edited=\u00a0\u00bbon|phone\u00a0\u00bb text_font_size_phone=\u00a0\u00bb14px\u00a0\u00bb]<\/p>\n<p><!-- divi:image {\"align\":\"center\",\"id\":114,\"sizeSlug\":\"full\",\"linkDestination\":\"none\",\"className\":\"is-style-rounded\"} --><\/p>\n<div class=\"wp-block-image is-style-rounded\">\n<figure class=\"aligncenter size-full\">Casa El Lario est situ\u00e9 au coeur du Parc Naturel de Los Arconocales, pr\u00e8s de la belle ville de Alcal\u00e1 de los Gazules (Cadix), l\u2019un des endroits les plus magiques de l\u2019Andalousie. Le plus de 30.000m\u00b2 occupant la propi\u00e9t\u00e9 sont pleinement integr\u00e9s dans le parc. . Il se compose de plusieurs collines couvertes de v\u00e9g\u00e9tation m\u00e9diterran\u00e9enne, principalement des ch\u00eanes, des rouvres, des pins et pour la plupart des ch\u00eane-li\u00e8ges. La maison est petite, mais elle est un pr\u00e9cieux \u00e9chantillon de la grande richesse de la for\u00eat de la r\u00e9gion, qui est situ\u00e9 en haut, pr\u00e8s de la ville d\u2019Alcal\u00e1 de los Gazules, ce qui permet de profiter de belles et lumineuses vues en rendant ce lieu \u00e0 Andalouise un lieu unique. pr\u00e8s de la ville d\u2019Alcal\u00e1 de los Gazules, ce qui permet de profiter de belles et lumineuses vues en rendant ce lieu \u00e0 Andalouise un lieu unique.<\/figure>\n<p>&nbsp;<\/p>\n<figure class=\"aligncenter size-full\"><img loading=\"lazy\" decoding=\"async\" width=\"700\" height=\"467\" src=\"https:\/\/casaellario.com\/wp-content\/uploads\/2021\/06\/casa-rural-ellario105.jpg\" alt=\"\" class=\"wp-image-114\" srcset=\"https:\/\/casaellario.com\/wp-content\/uploads\/2021\/06\/casa-rural-ellario105.jpg 700w, https:\/\/casaellario.com\/wp-content\/uploads\/2021\/06\/casa-rural-ellario105-480x320.jpg 480w\" sizes=\"(min-width: 0px) and (max-width: 480px) 480px, (min-width: 481px) 700px, 100vw\" \/><\/figure>\n<\/div>\n<p><!-- \/divi:image --><!-- divi:paragraph --><\/p>\n<p><!-- \/divi:paragraph --><\/p>\n<p><!-- divi:paragraph -->Pendant de nombreuses ann\u00e9es, la maison a servi de lieu de repos et d\u00e9tente pour les familles qui y vivaient depuis pr\u00e8s de deux si\u00e8cles. La derni\u00e8re construction de 2014 a permis la cr\u00e9ation de cinq grandes et confortables appartements ruraux d\u2019un, deux et trois chambres \u00e0 coucher sans avoir modifi\u00e9 l\u2019architecture imposante et majestueuse de la maison originelle, et son int\u00e9gration transparent avec l\u2019environnement naturel.<\/p>\n<p>&nbsp;<\/p>\n<p>&nbsp;<\/p>\n<p><!-- divi:paragraph -->. Ils ont \u00e9galement tous les accessoires n\u00e9cessaires pour le confort et la d\u00e9tente de nos clients. Tous les appartements sont meubl\u00e9s et d\u00e9cor\u00e9s soigneusement avec beaucoup de go\u00fbt et disposent de la climatisation chaud et froid, double isolation de vitrage, d\u2019une t\u00e9l\u00e9vision LED sur le mur, cuisine int\u00e9gr\u00e9e dans le salon, sols en c\u00e9ramique imitation bois et salles de bains enti\u00e8rement equip\u00e9es.<\/p>\n<p>&nbsp;<\/p>\n<p><img loading=\"lazy\" decoding=\"async\" src=\"https:\/\/casaellario.com\/wp-content\/uploads\/2021\/06\/casa-rural-ellario91.jpg\" width=\"700\" height=\"201\" alt=\"\" class=\"wp-image-105 alignnone size-full\" style=\"display: block; margin-left: auto; margin-right: auto;\" srcset=\"https:\/\/casaellario.com\/wp-content\/uploads\/2021\/06\/casa-rural-ellario91.jpg 700w, https:\/\/casaellario.com\/wp-content\/uploads\/2021\/06\/casa-rural-ellario91-480x138.jpg 480w\" sizes=\"(min-width: 0px) and (max-width: 480px) 480px, (min-width: 481px) 700px, 100vw\" \/><\/p>\n<p>&nbsp;<\/p>\n<p>&nbsp;<\/p>\n<p><!-- divi:paragraph -->La maison dispose \u00e9galement d\u2019un grand parking ext\u00e9rieur, piscine d\u2019environ 40m\u00b2, d\u2019une terrasse solarium et plus de 30.000m\u00b2 de for\u00eat, principalment de ch\u00eanes, certains qui sont des arbres centenaires. Dans la partie la plus haute il y a un petit point de vue natural donnant sur le parc natural, id\u00e9al pour ceux qui aiment observer les oiseaux.<\/p>\n<p>&nbsp;<\/p>\n<p>&nbsp;<\/p>\n<p>&nbsp;<\/p>\n<p><!-- \/divi:paragraph --><\/p>\n<p>[\/et_pb_text][\/et_pb_column][\/et_pb_row][\/et_pb_section]<\/p>\n","protected":false},"excerpt":{"rendered":"<p>Prenez contact Tel: (+34) 608 095 211Email: info@casaellario.comAlcal\u00e1 de los Gazules Casa El Lario est situ\u00e9 au coeur du Parc Naturel de Los Arconocales, pr\u00e8s de la belle ville de Alcal\u00e1 de los Gazules (Cadix), l\u2019un des endroits les plus magiques de l\u2019Andalousie. Le plus de 30.000m\u00b2 occupant la propi\u00e9t\u00e9 sont pleinement integr\u00e9s dans le [&hellip;]<\/p>\n","protected":false},"author":1,"featured_media":0,"parent":0,"menu_order":0,"comment_status":"closed","ping_status":"closed","template":"","meta":{"_et_pb_use_builder":"on","_et_pb_old_content":"","_et_gb_content_width":"","footnotes":""},"class_list":["post-1354","page","type-page","status-publish","hentry"],"yoast_head":"<!-- This site is optimized with the Yoast SEO plugin v21.1 - https:\/\/yoast.com\/wordpress\/plugins\/seo\/ -->\n<title>La Maison - Casa El Lario<\/title>\n<meta name=\"robots\" content=\"index, follow, max-snippet:-1, max-image-preview:large, max-video-preview:-1\" \/>\n<link rel=\"canonical\" href=\"https:\/\/casaellario.com\/la-casa\/\" \/>\n<meta property=\"og:locale\" content=\"fr_FR\" \/>\n<meta property=\"og:type\" content=\"article\" \/>\n<meta property=\"og:title\" content=\"La Maison - Casa El Lario\" \/>\n<meta property=\"og:description\" content=\"Prenez contact Tel: (+34) 608 095 211Email: info@casaellario.comAlcal\u00e1 de los Gazules Casa El Lario est situ\u00e9 au coeur du Parc Naturel de Los Arconocales, pr\u00e8s de la belle ville de Alcal\u00e1 de los Gazules (Cadix), l\u2019un des endroits les plus magiques de l\u2019Andalousie. Le plus de 30.000m\u00b2 occupant la propi\u00e9t\u00e9 sont pleinement integr\u00e9s dans le [&hellip;]\" \/>\n<meta property=\"og:url\" content=\"https:\/\/casaellario.com\/la-casa\/\" \/>\n<meta property=\"og:site_name\" content=\"Casa El Lario\" \/>\n<meta property=\"article:publisher\" content=\"https:\/\/www.facebook.com\/ruralellario\/\" \/>\n<meta property=\"article:modified_time\" content=\"2023-04-24T10:44:57+00:00\" \/>\n<meta property=\"og:image\" content=\"https:\/\/casaellario.com\/wp-content\/uploads\/2021\/06\/casa-rural-ellario105.jpg\" \/>\n<meta name=\"twitter:card\" content=\"summary_large_image\" \/>\n<meta name=\"twitter:site\" content=\"@casa_ellario\" \/>\n<meta name=\"twitter:label1\" content=\"Dur\u00e9e de lecture estim\u00e9e\" \/>\n\t<meta name=\"twitter:data1\" content=\"6 minutes\" \/>\n<script type=\"application\/ld+json\" class=\"yoast-schema-graph\">{\"@context\":\"https:\/\/schema.org\",\"@graph\":[{\"@type\":\"WebPage\",\"@id\":\"https:\/\/casaellario.com\/la-casa\/\",\"url\":\"https:\/\/casaellario.com\/la-casa\/\",\"name\":\"La Maison - Casa El Lario\",\"isPartOf\":{\"@id\":\"https:\/\/casaellario.com\/#website\"},\"datePublished\":\"2021-06-24T10:26:19+00:00\",\"dateModified\":\"2023-04-24T10:44:57+00:00\",\"breadcrumb\":{\"@id\":\"https:\/\/casaellario.com\/la-casa\/#breadcrumb\"},\"inLanguage\":\"fr-FR\",\"potentialAction\":[{\"@type\":\"ReadAction\",\"target\":[\"https:\/\/casaellario.com\/la-casa\/\"]}]},{\"@type\":\"BreadcrumbList\",\"@id\":\"https:\/\/casaellario.com\/la-casa\/#breadcrumb\",\"itemListElement\":[{\"@type\":\"ListItem\",\"position\":1,\"name\":\"Portada\",\"item\":\"https:\/\/casaellario.com\/\"},{\"@type\":\"ListItem\",\"position\":2,\"name\":\"La Maison\"}]},{\"@type\":\"WebSite\",\"@id\":\"https:\/\/casaellario.com\/#website\",\"url\":\"https:\/\/casaellario.com\/\",\"name\":\"Casa El Lario. Alojamiento Rural en Alcal\u00e1 de los Gazules\",\"description\":\"Casa Rural en Alcal\u00e1 de los Gazules\",\"publisher\":{\"@id\":\"https:\/\/casaellario.com\/#organization\"},\"potentialAction\":[{\"@type\":\"SearchAction\",\"target\":{\"@type\":\"EntryPoint\",\"urlTemplate\":\"https:\/\/casaellario.com\/?s={search_term_string}\"},\"query-input\":\"required name=search_term_string\"}],\"inLanguage\":\"fr-FR\"},{\"@type\":\"Organization\",\"@id\":\"https:\/\/casaellario.com\/#organization\",\"name\":\"Casa El Lario. Alojamiento Rural en Alcal\u00e1 de los Gazules\",\"url\":\"https:\/\/casaellario.com\/\",\"logo\":{\"@type\":\"ImageObject\",\"inLanguage\":\"fr-FR\",\"@id\":\"https:\/\/casaellario.com\/#\/schema\/logo\/image\/\",\"url\":\"https:\/\/casaellario.com\/wp-content\/uploads\/2021\/06\/logo400px.png\",\"contentUrl\":\"https:\/\/casaellario.com\/wp-content\/uploads\/2021\/06\/logo400px.png\",\"width\":400,\"height\":326,\"caption\":\"Casa El Lario. Alojamiento Rural en Alcal\u00e1 de los Gazules\"},\"image\":{\"@id\":\"https:\/\/casaellario.com\/#\/schema\/logo\/image\/\"},\"sameAs\":[\"https:\/\/www.facebook.com\/ruralellario\/\",\"https:\/\/twitter.com\/casa_ellario\",\"https:\/\/www.instagram.com\/casa_ellario\/\"]}]}<\/script>\n<!-- \/ Yoast SEO plugin. -->","yoast_head_json":{"title":"La Maison - Casa El Lario","robots":{"index":"index","follow":"follow","max-snippet":"max-snippet:-1","max-image-preview":"max-image-preview:large","max-video-preview":"max-video-preview:-1"},"canonical":"https:\/\/casaellario.com\/la-casa\/","og_locale":"fr_FR","og_type":"article","og_title":"La Maison - Casa El Lario","og_description":"Prenez contact Tel: (+34) 608 095 211Email: info@casaellario.comAlcal\u00e1 de los Gazules Casa El Lario est situ\u00e9 au coeur du Parc Naturel de Los Arconocales, pr\u00e8s de la belle ville de Alcal\u00e1 de los Gazules (Cadix), l\u2019un des endroits les plus magiques de l\u2019Andalousie. Le plus de 30.000m\u00b2 occupant la propi\u00e9t\u00e9 sont pleinement integr\u00e9s dans le [&hellip;]","og_url":"https:\/\/casaellario.com\/la-casa\/","og_site_name":"Casa El Lario","article_publisher":"https:\/\/www.facebook.com\/ruralellario\/","article_modified_time":"2023-04-24T10:44:57+00:00","og_image":[{"url":"https:\/\/casaellario.com\/wp-content\/uploads\/2021\/06\/casa-rural-ellario105.jpg"}],"twitter_card":"summary_large_image","twitter_site":"@casa_ellario","twitter_misc":{"Dur\u00e9e de lecture estim\u00e9e":"6 minutes"},"schema":{"@context":"https:\/\/schema.org","@graph":[{"@type":"WebPage","@id":"https:\/\/casaellario.com\/la-casa\/","url":"https:\/\/casaellario.com\/la-casa\/","name":"La Maison - Casa El Lario","isPartOf":{"@id":"https:\/\/casaellario.com\/#website"},"datePublished":"2021-06-24T10:26:19+00:00","dateModified":"2023-04-24T10:44:57+00:00","breadcrumb":{"@id":"https:\/\/casaellario.com\/la-casa\/#breadcrumb"},"inLanguage":"fr-FR","potentialAction":[{"@type":"ReadAction","target":["https:\/\/casaellario.com\/la-casa\/"]}]},{"@type":"BreadcrumbList","@id":"https:\/\/casaellario.com\/la-casa\/#breadcrumb","itemListElement":[{"@type":"ListItem","position":1,"name":"Portada","item":"https:\/\/casaellario.com\/"},{"@type":"ListItem","position":2,"name":"La Maison"}]},{"@type":"WebSite","@id":"https:\/\/casaellario.com\/#website","url":"https:\/\/casaellario.com\/","name":"Casa El Lario. Alojamiento Rural en Alcal\u00e1 de los Gazules","description":"Casa Rural en Alcal\u00e1 de los Gazules","publisher":{"@id":"https:\/\/casaellario.com\/#organization"},"potentialAction":[{"@type":"SearchAction","target":{"@type":"EntryPoint","urlTemplate":"https:\/\/casaellario.com\/?s={search_term_string}"},"query-input":"required name=search_term_string"}],"inLanguage":"fr-FR"},{"@type":"Organization","@id":"https:\/\/casaellario.com\/#organization","name":"Casa El Lario. Alojamiento Rural en Alcal\u00e1 de los Gazules","url":"https:\/\/casaellario.com\/","logo":{"@type":"ImageObject","inLanguage":"fr-FR","@id":"https:\/\/casaellario.com\/#\/schema\/logo\/image\/","url":"https:\/\/casaellario.com\/wp-content\/uploads\/2021\/06\/logo400px.png","contentUrl":"https:\/\/casaellario.com\/wp-content\/uploads\/2021\/06\/logo400px.png","width":400,"height":326,"caption":"Casa El Lario. Alojamiento Rural en Alcal\u00e1 de los Gazules"},"image":{"@id":"https:\/\/casaellario.com\/#\/schema\/logo\/image\/"},"sameAs":["https:\/\/www.facebook.com\/ruralellario\/","https:\/\/twitter.com\/casa_ellario","https:\/\/www.instagram.com\/casa_ellario\/"]}]}},"_links":{"self":[{"href":"https:\/\/casaellario.com\/fr\/wp-json\/wp\/v2\/pages\/1354","targetHints":{"allow":["GET"]}}],"collection":[{"href":"https:\/\/casaellario.com\/fr\/wp-json\/wp\/v2\/pages"}],"about":[{"href":"https:\/\/casaellario.com\/fr\/wp-json\/wp\/v2\/types\/page"}],"author":[{"embeddable":true,"href":"https:\/\/casaellario.com\/fr\/wp-json\/wp\/v2\/users\/1"}],"replies":[{"embeddable":true,"href":"https:\/\/casaellario.com\/fr\/wp-json\/wp\/v2\/comments?post=1354"}],"version-history":[{"count":5,"href":"https:\/\/casaellario.com\/fr\/wp-json\/wp\/v2\/pages\/1354\/revisions"}],"predecessor-version":[{"id":1359,"href":"https:\/\/casaellario.com\/fr\/wp-json\/wp\/v2\/pages\/1354\/revisions\/1359"}],"wp:attachment":[{"href":"https:\/\/casaellario.com\/fr\/wp-json\/wp\/v2\/media?parent=1354"}],"curies":[{"name":"wp","href":"https:\/\/api.w.org\/{rel}","templated":true}]}}