{"id":1441,"date":"2021-07-13T08:18:10","date_gmt":"2021-07-13T08:18:10","guid":{"rendered":"https:\/\/casaellario.com\/situation\/"},"modified":"2023-04-24T11:51:17","modified_gmt":"2023-04-24T11:51:17","slug":"situation","status":"publish","type":"page","link":"https:\/\/casaellario.com\/fr\/situation\/","title":{"rendered":"Situation"},"content":{"rendered":"<p>[et_pb_section fb_built=\u00a0\u00bb1&Prime; admin_label=\u00a0\u00bbsection\u00a0\u00bb _builder_version=\u00a0\u00bb3.22&Prime; custom_padding=\u00a0\u00bb100px|0px|100px|0px\u00a0\u00bb background_color=\u00a0\u00bb#ede1cb\u00a0\u00bb][et_pb_row admin_label=\u00a0\u00bbrow\u00a0\u00bb _builder_version=\u00a0\u00bb3.25&Prime; background_size=\u00a0\u00bbinitial\u00a0\u00bb background_position=\u00a0\u00bbtop_left\u00a0\u00bb background_repeat=\u00a0\u00bbrepeat\u00a0\u00bb][et_pb_column type=\u00a0\u00bb4_4&Prime; _builder_version=\u00a0\u00bb3.25&Prime; custom_padding=\u00a0\u00bb|||\u00a0\u00bb custom_padding__hover=\u00a0\u00bb|||\u00a0\u00bb][et_pb_text _builder_version=\u00a0\u00bb4.9.4&Prime; _module_preset=\u00a0\u00bbdefault\u00a0\u00bb header_text_align=\u00a0\u00bbcenter\u00a0\u00bb header_2_font=\u00a0\u00bb|700||on|||||\u00a0\u00bb header_2_text_color=\u00a0\u00bb#677b24&Prime;]<\/p>\n<h2>SITUATION<\/h2>\n<p>[\/et_pb_text][et_pb_text admin_label=\u00a0\u00bbUBICACI\u00d3N\u00a0\u00bb _builder_version=\u00a0\u00bb4.9.4&Prime; _module_preset=\u00a0\u00bbdefault\u00a0\u00bb]<!-- \/divi:paragraph --><!-- divi:paragraph --><\/p>\n<p>La maison est situ\u00e9e \u00e0 l\u2019entr\u00e9e de Alcal\u00e1 de los Gazules le long de la C-440 et \u00e0 la sortie de la ville sur l\u2019A-375. La localit\u00e9 est bien connect\u00e9e avec un acc\u00e8s facile \u00e0 partir de l\u2019autoroute A-381 (Los Barrios \u2013 J\u00e9rez), sorties 45 et 42. Voici quelques distances de r\u00e9f\u00e9rence: <\/p>\n<p>&nbsp;<\/p>\n<p><!-- divi:list --><\/p>\n<ul>\n<li><strong>Jerez<\/strong>: 52 km, 30 minutes<\/li>\n<li><strong>Plages<\/strong>: 55 km, 45 minutes<\/li>\n<li><strong>Cadix<\/strong> (C\u00e1diz): 70 km, 1 heure<\/li>\n<li><strong>S\u00e9ville<\/strong> (Sevilla): 140 km, 1 heure et 30 minutes<\/li>\n<li><strong>Malaga<\/strong> (M\u00e1laga): 180 km, 2 heures<\/li>\n<li><strong>Huelva<\/strong>: 225 km, 2 heures et 30 minutes<\/li>\n<li><strong>Cordoue<\/strong> (C\u00f3rdoba): 275 km, 3 heures<\/li>\n<li><strong>Grenade<\/strong> (Granada): 300 km, 3 heures et 15 minutes<\/li>\n<\/ul>\n<p>&nbsp;<\/p>\n<p><strong>Coordonn\u00e9es g\u00e9ographiques :<\/strong><\/p>\n<p>36.45966886011281, -5.719961071931634<\/p>\n<p>&nbsp;<\/p>\n<p>&nbsp;<\/p>\n<p><!-- divi:html --><\/p>\n<p><iframe src=\"https:\/\/www.google.com\/maps\/embed?pb=!1m18!1m12!1m3!1d3208.91474053763!2d-5.7251361847196565!3d36.459616680020254!2m3!1f0!2f0!3f0!3m2!1i1024!2i768!4f13.1!3m3!1m2!1s0xd0cfff11c096ced%3A0xa55069d3e966b883!2sEL%20LARIO%2C%20ALOJAMIENTO%20RURAL!5e0!3m2!1ses!2ses!4v1624529753999!5m2!1ses!2ses\" width=\"600\" height=\"450\" style=\"border: 0;\" allowfullscreen=\"\" loading=\"lazy\"><\/iframe><\/p>\n<p>&nbsp;<\/p>\n<p>[\/et_pb_text][\/et_pb_column][\/et_pb_row][\/et_pb_section]<\/p>\n","protected":false},"excerpt":{"rendered":"<p>SITUATION La maison est situ\u00e9e \u00e0 l\u2019entr\u00e9e de Alcal\u00e1 de los Gazules le long de la C-440 et \u00e0 la sortie de la ville sur l\u2019A-375. La localit\u00e9 est bien connect\u00e9e avec un acc\u00e8s facile \u00e0 partir de l\u2019autoroute A-381 (Los Barrios \u2013 J\u00e9rez), sorties 45 et 42. Voici quelques distances de r\u00e9f\u00e9rence: &nbsp; Jerez: [&hellip;]<\/p>\n","protected":false},"author":1,"featured_media":0,"parent":0,"menu_order":0,"comment_status":"closed","ping_status":"closed","template":"","meta":{"_et_pb_use_builder":"on","_et_pb_old_content":"","_et_gb_content_width":"","footnotes":""},"class_list":["post-1441","page","type-page","status-publish","hentry"],"yoast_head":"<!-- This site is optimized with the Yoast SEO plugin v21.1 - https:\/\/yoast.com\/wordpress\/plugins\/seo\/ -->\n<title>Situation - Casa El Lario<\/title>\n<meta name=\"robots\" content=\"index, follow, max-snippet:-1, max-image-preview:large, max-video-preview:-1\" \/>\n<link rel=\"canonical\" href=\"https:\/\/casaellario.com\/ubicacion\/\" \/>\n<meta property=\"og:locale\" content=\"fr_FR\" \/>\n<meta property=\"og:type\" content=\"article\" \/>\n<meta property=\"og:title\" content=\"Situation - Casa El Lario\" \/>\n<meta property=\"og:description\" content=\"SITUATION La maison est situ\u00e9e \u00e0 l\u2019entr\u00e9e de Alcal\u00e1 de los Gazules le long de la C-440 et \u00e0 la sortie de la ville sur l\u2019A-375. La localit\u00e9 est bien connect\u00e9e avec un acc\u00e8s facile \u00e0 partir de l\u2019autoroute A-381 (Los Barrios \u2013 J\u00e9rez), sorties 45 et 42. Voici quelques distances de r\u00e9f\u00e9rence: &nbsp; Jerez: [&hellip;]\" \/>\n<meta property=\"og:url\" content=\"https:\/\/casaellario.com\/ubicacion\/\" \/>\n<meta property=\"og:site_name\" content=\"Casa El Lario\" \/>\n<meta property=\"article:publisher\" content=\"https:\/\/www.facebook.com\/ruralellario\/\" \/>\n<meta property=\"article:modified_time\" content=\"2023-04-24T11:51:17+00:00\" \/>\n<meta name=\"twitter:card\" content=\"summary_large_image\" \/>\n<meta name=\"twitter:site\" content=\"@casa_ellario\" \/>\n<meta name=\"twitter:label1\" content=\"Dur\u00e9e de lecture estim\u00e9e\" \/>\n\t<meta name=\"twitter:data1\" content=\"1 minute\" \/>\n<script type=\"application\/ld+json\" class=\"yoast-schema-graph\">{\"@context\":\"https:\/\/schema.org\",\"@graph\":[{\"@type\":\"WebPage\",\"@id\":\"https:\/\/casaellario.com\/ubicacion\/\",\"url\":\"https:\/\/casaellario.com\/ubicacion\/\",\"name\":\"Situation - Casa El Lario\",\"isPartOf\":{\"@id\":\"https:\/\/casaellario.com\/#website\"},\"datePublished\":\"2021-07-13T08:18:10+00:00\",\"dateModified\":\"2023-04-24T11:51:17+00:00\",\"breadcrumb\":{\"@id\":\"https:\/\/casaellario.com\/ubicacion\/#breadcrumb\"},\"inLanguage\":\"fr-FR\",\"potentialAction\":[{\"@type\":\"ReadAction\",\"target\":[\"https:\/\/casaellario.com\/ubicacion\/\"]}]},{\"@type\":\"BreadcrumbList\",\"@id\":\"https:\/\/casaellario.com\/ubicacion\/#breadcrumb\",\"itemListElement\":[{\"@type\":\"ListItem\",\"position\":1,\"name\":\"Portada\",\"item\":\"https:\/\/casaellario.com\/\"},{\"@type\":\"ListItem\",\"position\":2,\"name\":\"Situation\"}]},{\"@type\":\"WebSite\",\"@id\":\"https:\/\/casaellario.com\/#website\",\"url\":\"https:\/\/casaellario.com\/\",\"name\":\"Casa El Lario. Alojamiento Rural en Alcal\u00e1 de los Gazules\",\"description\":\"Casa Rural en Alcal\u00e1 de los Gazules\",\"publisher\":{\"@id\":\"https:\/\/casaellario.com\/#organization\"},\"potentialAction\":[{\"@type\":\"SearchAction\",\"target\":{\"@type\":\"EntryPoint\",\"urlTemplate\":\"https:\/\/casaellario.com\/?s={search_term_string}\"},\"query-input\":\"required name=search_term_string\"}],\"inLanguage\":\"fr-FR\"},{\"@type\":\"Organization\",\"@id\":\"https:\/\/casaellario.com\/#organization\",\"name\":\"Casa El Lario. Alojamiento Rural en Alcal\u00e1 de los Gazules\",\"url\":\"https:\/\/casaellario.com\/\",\"logo\":{\"@type\":\"ImageObject\",\"inLanguage\":\"fr-FR\",\"@id\":\"https:\/\/casaellario.com\/#\/schema\/logo\/image\/\",\"url\":\"https:\/\/casaellario.com\/wp-content\/uploads\/2021\/06\/logo400px.png\",\"contentUrl\":\"https:\/\/casaellario.com\/wp-content\/uploads\/2021\/06\/logo400px.png\",\"width\":400,\"height\":326,\"caption\":\"Casa El Lario. Alojamiento Rural en Alcal\u00e1 de los Gazules\"},\"image\":{\"@id\":\"https:\/\/casaellario.com\/#\/schema\/logo\/image\/\"},\"sameAs\":[\"https:\/\/www.facebook.com\/ruralellario\/\",\"https:\/\/twitter.com\/casa_ellario\",\"https:\/\/www.instagram.com\/casa_ellario\/\"]}]}<\/script>\n<!-- \/ Yoast SEO plugin. -->","yoast_head_json":{"title":"Situation - Casa El Lario","robots":{"index":"index","follow":"follow","max-snippet":"max-snippet:-1","max-image-preview":"max-image-preview:large","max-video-preview":"max-video-preview:-1"},"canonical":"https:\/\/casaellario.com\/ubicacion\/","og_locale":"fr_FR","og_type":"article","og_title":"Situation - Casa El Lario","og_description":"SITUATION La maison est situ\u00e9e \u00e0 l\u2019entr\u00e9e de Alcal\u00e1 de los Gazules le long de la C-440 et \u00e0 la sortie de la ville sur l\u2019A-375. La localit\u00e9 est bien connect\u00e9e avec un acc\u00e8s facile \u00e0 partir de l\u2019autoroute A-381 (Los Barrios \u2013 J\u00e9rez), sorties 45 et 42. Voici quelques distances de r\u00e9f\u00e9rence: &nbsp; Jerez: [&hellip;]","og_url":"https:\/\/casaellario.com\/ubicacion\/","og_site_name":"Casa El Lario","article_publisher":"https:\/\/www.facebook.com\/ruralellario\/","article_modified_time":"2023-04-24T11:51:17+00:00","twitter_card":"summary_large_image","twitter_site":"@casa_ellario","twitter_misc":{"Dur\u00e9e de lecture estim\u00e9e":"1 minute"},"schema":{"@context":"https:\/\/schema.org","@graph":[{"@type":"WebPage","@id":"https:\/\/casaellario.com\/ubicacion\/","url":"https:\/\/casaellario.com\/ubicacion\/","name":"Situation - Casa El Lario","isPartOf":{"@id":"https:\/\/casaellario.com\/#website"},"datePublished":"2021-07-13T08:18:10+00:00","dateModified":"2023-04-24T11:51:17+00:00","breadcrumb":{"@id":"https:\/\/casaellario.com\/ubicacion\/#breadcrumb"},"inLanguage":"fr-FR","potentialAction":[{"@type":"ReadAction","target":["https:\/\/casaellario.com\/ubicacion\/"]}]},{"@type":"BreadcrumbList","@id":"https:\/\/casaellario.com\/ubicacion\/#breadcrumb","itemListElement":[{"@type":"ListItem","position":1,"name":"Portada","item":"https:\/\/casaellario.com\/"},{"@type":"ListItem","position":2,"name":"Situation"}]},{"@type":"WebSite","@id":"https:\/\/casaellario.com\/#website","url":"https:\/\/casaellario.com\/","name":"Casa El Lario. Alojamiento Rural en Alcal\u00e1 de los Gazules","description":"Casa Rural en Alcal\u00e1 de los Gazules","publisher":{"@id":"https:\/\/casaellario.com\/#organization"},"potentialAction":[{"@type":"SearchAction","target":{"@type":"EntryPoint","urlTemplate":"https:\/\/casaellario.com\/?s={search_term_string}"},"query-input":"required name=search_term_string"}],"inLanguage":"fr-FR"},{"@type":"Organization","@id":"https:\/\/casaellario.com\/#organization","name":"Casa El Lario. Alojamiento Rural en Alcal\u00e1 de los Gazules","url":"https:\/\/casaellario.com\/","logo":{"@type":"ImageObject","inLanguage":"fr-FR","@id":"https:\/\/casaellario.com\/#\/schema\/logo\/image\/","url":"https:\/\/casaellario.com\/wp-content\/uploads\/2021\/06\/logo400px.png","contentUrl":"https:\/\/casaellario.com\/wp-content\/uploads\/2021\/06\/logo400px.png","width":400,"height":326,"caption":"Casa El Lario. Alojamiento Rural en Alcal\u00e1 de los Gazules"},"image":{"@id":"https:\/\/casaellario.com\/#\/schema\/logo\/image\/"},"sameAs":["https:\/\/www.facebook.com\/ruralellario\/","https:\/\/twitter.com\/casa_ellario","https:\/\/www.instagram.com\/casa_ellario\/"]}]}},"_links":{"self":[{"href":"https:\/\/casaellario.com\/fr\/wp-json\/wp\/v2\/pages\/1441","targetHints":{"allow":["GET"]}}],"collection":[{"href":"https:\/\/casaellario.com\/fr\/wp-json\/wp\/v2\/pages"}],"about":[{"href":"https:\/\/casaellario.com\/fr\/wp-json\/wp\/v2\/types\/page"}],"author":[{"embeddable":true,"href":"https:\/\/casaellario.com\/fr\/wp-json\/wp\/v2\/users\/1"}],"replies":[{"embeddable":true,"href":"https:\/\/casaellario.com\/fr\/wp-json\/wp\/v2\/comments?post=1441"}],"version-history":[{"count":5,"href":"https:\/\/casaellario.com\/fr\/wp-json\/wp\/v2\/pages\/1441\/revisions"}],"predecessor-version":[{"id":1446,"href":"https:\/\/casaellario.com\/fr\/wp-json\/wp\/v2\/pages\/1441\/revisions\/1446"}],"wp:attachment":[{"href":"https:\/\/casaellario.com\/fr\/wp-json\/wp\/v2\/media?parent=1441"}],"curies":[{"name":"wp","href":"https:\/\/api.w.org\/{rel}","templated":true}]}}